{"id":4270,"date":"2025-07-24T17:18:16","date_gmt":"2025-07-24T15:18:16","guid":{"rendered":"https:\/\/www.noovle.com\/?page_id=4270"},"modified":"2025-09-24T12:09:22","modified_gmt":"2025-09-24T10:09:22","slug":"accessibilita","status":"publish","type":"page","link":"https:\/\/www.noovle.com\/it\/accessibilita\/","title":{"rendered":"L\u2019accessibilit\u00e0 digitale per Noovle"},"content":{"rendered":"<h1><b>L\u2019accessibilit\u00e0 digitale per Noovle<\/b><\/h1>\n<p><span style=\"font-weight: 400;\">Crediamo fermamente che Internet debba essere disponibile e accessibile a tutti e ci impegniamo a fornire punti di contatto accessibili al pi\u00f9 ampio pubblico possibile, indipendentemente dalle circostanze e dalle capacit\u00e0. A tal fine Noovle S.p.A. lavora per aderire il pi\u00f9 possibile alle Linee guida per l\u2019accessibilit\u00e0 dei contenuti web (WCAG) del World Wide Web Consortium (W3C). Queste linee guida spiegano come rendere i contenuti web accessibili a persone con un\u2019ampia gamma di esigenze: persone cieche o ipovedenti, con disabilit\u00e0 motorie, cognitive, neurologiche o sensoriali. L\u2019adesione alle WCAG ci aiuta a garantire che il sito sia utilizzabile dal pi\u00f9 ampio numero possibile di persone, nel rispetto dei principi di inclusivit\u00e0 e delle normative vigenti.<\/span><\/p>\n<p>Siamo attualmente in fase di adeguamento e stiamo lavorando per rendere il sito conforme ai criteri di accessibilit\u00e0 WCAG. Di seguito \u00e8 possibile visualizzare la Dichiarazione di Accessibilit\u00e0 ufficiale.<\/p>\n<h2><strong>Dichiarazione di accessibilit\u00e0 sito web per i Soggetti Privati di cui all\u2019art. 3 comma 1 della legge 9 gennaio 2004, n.4<\/strong><\/h2>\n<p>&nbsp;<\/p>\n<h3><span style=\"font-weight: 400;\">Dichiarazione<\/span><\/h3>\n<p><span style=\"font-weight: 400;\">Noovle S.p.A. Societ\u00e0 Benefit (TIM) si impegna a rendere il proprio sito Web accessibile, conformemente alla legge 9 gennaio 2004, n. 4. La presente dichiarazione di accessibilit\u00e0 si applica a: https:\/\/www.noovle.com\u00a0<\/span><\/p>\n<p>&nbsp;<\/p>\n<h3><span style=\"font-weight: 400;\">Stato di conformit\u00e0:<\/span><\/h3>\n<p><span style=\"font-weight: 400;\">Parzialmente conforme<br \/>\nQuesto sito web \u00e8 parzialmente conforme ai requisiti previsti dall\u2019appendice A della norma UNI CEI EN 301549 in ragione dei casi di non conformit\u00e0 elencati di seguito.<\/span><\/p>\n<p>&nbsp;<\/p>\n<h3><span style=\"font-weight: 400;\">Contenuti non accessibili<\/span><\/h3>\n<p><span style=\"font-weight: 400;\">I contenuti di seguito elencati non sono accessibili per i seguenti motivi in osservanza della legge 9 gennaio 2004, n. 4:<\/span><\/p>\n<ul>\n<li style=\"font-weight: 400;\" aria-level=\"1\"><span style=\"font-weight: 400;\">C.9.1.1.1 &#8211; Non tutti i contenuti non testuali presentati all\u2019utente hanno un\u2019alternativa testuale che svolga la stessa funzione.<\/span><\/li>\n<li style=\"font-weight: 400;\" aria-level=\"1\"><span style=\"font-weight: 400;\">C.9.1.3.1 &#8211; In alcuni casi, informazioni, struttura o correlazioni trasmesse dalla presentazione delle pagine, non possono essere determinate programmaticamente (o non sono disponibili tramite testo);<\/span><\/li>\n<li style=\"font-weight: 400;\" aria-level=\"1\"><span style=\"font-weight: 400;\">C.9.1.4.1 &#8211; In alcun casi \u00e8 stato usato il solo colore per identificare uno scopo o distinguere un&#8217;informazione o una funzione;<\/span><\/li>\n<li style=\"font-weight: 400;\" aria-level=\"1\"><span style=\"font-weight: 400;\">C.9.1.4.3 &#8211; La rappresentazione visiva del testo e di immagini contenenti testo non ha sempre il rapporto minimo di contrasto richiesto, salvo eccezioni previste della normativa (Es. i logotipi);<\/span><\/li>\n<li style=\"font-weight: 400;\" aria-level=\"1\"><span style=\"font-weight: 400;\">C.9.2.4.1 &#8211; Manca un meccanismo per saltare i blocchi di contenuto che si ripetono su pi\u00f9 sezioni;<\/span><\/li>\n<li style=\"font-weight: 400;\" aria-level=\"1\"><span style=\"font-weight: 400;\">C.9.2.4.3 &#8211; In alcune sezioni che possono essere navigate in modo sequenziale e in cui la sequenza di navigazione influisce sul loro significato e sul loro funzionamento, alcuni oggetti che potrebbero ricevere il focus non lo ricevono con un ordine tale da conservarne il senso e l&#8217;operativit\u00e0;<\/span><\/li>\n<li style=\"font-weight: 400;\" aria-level=\"1\"><span style=\"font-weight: 400;\">C.9.2.4.4 &#8211; Lo scopo di alcuni collegamenti non pu\u00f2 essere determinato dal testo del collegamento oppure dal testo del collegamento insieme a dei contenuti adiacenti;<\/span><\/li>\n<li style=\"font-weight: 400;\" aria-level=\"1\"><span style=\"font-weight: 400;\">C.9.2.4.7 &#8211; Su alcuni elementi interattivi non \u00e8 visibile l&#8217;indicatore del focus;<\/span><\/li>\n<li style=\"font-weight: 400;\" aria-level=\"1\"><span style=\"font-weight: 400;\">C.9.4.1.2 &#8211; In alcuni casi i componenti dell&#8217;interfaccia utente (tra cui: elementi di un modulo, collegamenti e componenti generati da script\u2026), nome, ruolo, stati, propriet\u00e0 e valori non sono corretti o impostati o non \u00e8 avvisato l&#8217;utente e le sue tecnologie assistive quando questi cambiano.<\/span><\/li>\n<\/ul>\n<p>&nbsp;<\/p>\n<h3><span style=\"font-weight: 400;\">Redazione della dichiarazione di accessibilit\u00e0:<\/span><\/h3>\n<p><span style=\"font-weight: 400;\">La presente dichiarazione \u00e8 stata redatta il<\/span><b> 27\/08\/2025.<\/b><b><br \/>\n<\/b><b><br \/>\n<\/b><span style=\"font-weight: 400;\">La valutazione \u00e8 stata<\/span><b> effettuata da terzi<\/b><span style=\"font-weight: 400;\"> tramite analisi oggettive e soggettive (cfr. l&#8217;articolo 3, paragrafo 1, della decisione di esecuzione UE 2018\/1523 della Commissione).<\/span><i><span style=\"font-weight: 400;\"><br \/>\n<\/span><\/i><b><br \/>\n<\/b><span style=\"font-weight: 400;\">La dichiarazione \u00e8 stata riesaminata da ultimo il <\/span><b>27\/08\/2025<\/b><span style=\"font-weight: 400;\">, rispettando la raccomandazione di riesaminare periodicamente (con frequenza almeno annuale) l\u2019esattezza delle affermazioni contenute nella presente dichiarazione di accessibilit\u00e0.<\/span><\/p>\n<h3><span style=\"font-weight: 400;\">Feedback e informazioni di contatto<\/span><\/h3>\n<p><span style=\"font-weight: 400;\">Nonostante i nostri sforzi per consentire a chiunque di adattare il sito alle proprie esigenze, \u00e8 possibile che vi siano ancora pagine o sezioni che non sono completamente accessibili, che sono in procinto di diventarlo o che non dispongono di una soluzione tecnologica adeguata per renderle tali. Ci impegniamo costantemente a migliorare la nostra accessibilit\u00e0, aggiungendo, aggiornando e migliorando le opzioni e le funzionalit\u00e0, nonch\u00e9 sviluppando e adottando nuove tecnologie. Tutto questo per raggiungere un livello ottimale di accessibilit\u00e0, seguendo i progressi tecnologici.<\/span><\/p>\n<p>Se desiderate contattare il proprietario del sito web, utilizzate il seguente indirizzo e-mail:<\/p>\n<p style=\"text-align: center;\"><a href=\"mailto:INFO@NOOVLE.COM\">INFO@NOOVLE.COM<\/a><\/p>\n<p>&nbsp;<\/p>\n<h3><span style=\"font-weight: 400;\">Modalit\u00e0 di invio delle segnalazioni all\u2019AgID<\/span><\/h3>\n<p><span style=\"font-weight: 400;\">In caso di risposta insoddisfacente o di mancata risposta, nel termine di trenta giorni, alla notifica o alla richiesta, l\u2019interessato pu\u00f2 inoltrare una segnalazione ad AgID, tramite pec, al seguente indirizzo: <\/span><a href=\"mailto:protocollo@pec.agid.gov.it\"><b>protocollo@pec.agid.gov.it<\/b><\/a><\/p>\n<h3><span style=\"font-weight: 400;\">Informazioni sul sito<\/span><\/h3>\n<ol>\n<li style=\"font-weight: 400;\" aria-level=\"1\"><span style=\"font-weight: 400;\">Data di pubblicazione: 01 gennaio 2021<\/span><\/li>\n<li style=\"font-weight: 400;\" aria-level=\"1\"><span style=\"font-weight: 400;\">sono stati effettuati i test di usabilit\u00e0: s\u00ec<\/span><\/li>\n<li style=\"font-weight: 400;\" aria-level=\"1\"><span style=\"font-weight: 400;\">CMS utilizzato per il sito web: WordPress<\/span><\/li>\n<\/ol>\n<p>&nbsp;<\/p>\n","protected":false},"excerpt":{"rendered":"<p>L\u2019accessibilit\u00e0 digitale per Noovle Crediamo fermamente che Internet debba essere disponibile e accessibile a tutti e ci impegniamo a fornire punti di contatto accessibili al pi\u00f9 ampio pubblico possibile, indipendentemente dalle circostanze e dalle capacit\u00e0. A tal fine Noovle S.p.A. lavora per aderire il pi\u00f9 possibile alle Linee guida per l\u2019accessibilit\u00e0 dei contenuti web (WCAG) [&hellip;]<\/p>\n","protected":false},"author":4,"featured_media":0,"parent":0,"menu_order":0,"comment_status":"closed","ping_status":"closed","template":"","meta":[],"_links":{"self":[{"href":"https:\/\/www.noovle.com\/it\/wp-json\/wp\/v2\/pages\/4270\/"}],"collection":[{"href":"https:\/\/www.noovle.com\/it\/wp-json\/wp\/v2\/pages\/"}],"about":[{"href":"https:\/\/www.noovle.com\/it\/wp-json\/wp\/v2\/types\/page\/"}],"author":[{"embeddable":true,"href":"https:\/\/www.noovle.com\/it\/wp-json\/wp\/v2\/users\/4\/"}],"replies":[{"embeddable":true,"href":"https:\/\/www.noovle.com\/it\/wp-json\/wp\/v2\/comments\/?post=4270"}],"version-history":[{"count":16,"href":"https:\/\/www.noovle.com\/it\/wp-json\/wp\/v2\/pages\/4270\/revisions\/"}],"predecessor-version":[{"id":4307,"href":"https:\/\/www.noovle.com\/it\/wp-json\/wp\/v2\/pages\/4270\/revisions\/4307\/"}],"wp:attachment":[{"href":"https:\/\/www.noovle.com\/it\/wp-json\/wp\/v2\/media\/?parent=4270"}],"curies":[{"name":"wp","href":"https:\/\/api.w.org\/{rel}","templated":true}]}}