{"id":396,"date":"2021-02-25T11:44:21","date_gmt":"2021-02-25T09:44:21","guid":{"rendered":"http:\/\/www.noovle.com\/?page_id=396"},"modified":"2022-11-24T18:31:30","modified_gmt":"2022-11-24T16:31:30","slug":"privacy","status":"publish","type":"page","link":"https:\/\/www.noovle.com\/it\/privacy\/","title":{"rendered":"Privacy"},"content":{"rendered":"<h1><img loading=\"lazy\" class=\"alignnone wp-image-2881\" src=\"https:\/\/www.noovle.com\/wp-content\/uploads\/2022\/11\/Noovle_Tagline_Oriz.Pos_RGB.png\" alt=\"\" width=\"228\" height=\"36\" \/><\/h1>\n<h1><strong>Web privacy policy &amp; Cookie<\/strong><\/h1>\n<p>&nbsp;<\/p>\n<p><span style=\"font-weight: 400;\">La presente Privacy Policy ha lo scopo di descrivere le modalit\u00e0 di gestione di questo Sito, in riferimento all\u2019uso dei cookie ed agli altri strumenti di tracciamento (di seguito tutti indicati per semplicit\u00e0 come \u201ccookie\u201d) ed al trattamento dei dati personali degli utenti\/visitatori che lo consultano.<\/span><\/p>\n<p><span style=\"font-weight: 400;\">Si tratta di un\u2019informativa resa, ai sensi del Regolamento 2016\/679\/UE (Regolamento generale sulla protezione dei dati \u2013 di seguito GDPR), dell\u2019articolo 122 del Codice in materia di protezione dei dati personali (D.Lgs. 196\/03, il c.d. Codice privacy) e del Provvedimento generale del Garante Privacy dell\u20198 maggio 2014 in materia di cookie, come integrato dalle Linee Guida del Garante Privacy del 10 giugno 2021 in materia di cookie e altri strumenti di tracciamento, a coloro che si collegano al sito<\/span> <a href=\"https:\/\/www.noovle.com\/\">https:\/\/www.noovle.com\/<\/a>.<\/p>\n<p><span style=\"font-weight: 400;\">Questa Privacy Policy \u00e8 resa soltanto per il sito sopra menzionato (di seguito \u201cSito\u201d o \u201cquesto Sito\u201d) e relativi possibili sottodomini, ma non anche per altri siti web eventualmente consultati dall\u2019utente tramite appositi link.<\/span><\/p>\n<p><span style=\"font-weight: 400;\">Il sito sopra indicato \u00e8 di propriet\u00e0 e gestione di Noovle S.p.A. Societ\u00e0 Benefit.<\/span><\/p>\n<p><span style=\"font-weight: 400;\">Noovle S.p.A. Societ\u00e0 Benefit garantisce il rispetto della normativa in materia di protezione dei dati personali, coerentemente con quanto prescritto nel Codice Etico del Gruppo Telecom Italia.<\/span><\/p>\n<p><span style=\"font-weight: 400;\">Si invitano gli utenti\/visitatori a leggere attentamente la presente Privacy Policy prima di inoltrare qualsiasi tipo di informazione personale e\/o compilare qualunque modulo elettronico presente sul Sito nonch\u00e9, in termini generali, di utilizzare il Sito stesso.<\/span><\/p>\n<p><b>Tipologia di dati trattati e finalit\u00e0 del trattamento<\/b><\/p>\n<ol>\n<li><b><i> Dati di navigazione, informazioni relativo ad accesso ad aree autenticate e loro conservazione<\/i><\/b><\/li>\n<\/ol>\n<p><span style=\"font-weight: 400;\">I sistemi informatici e le procedure software preposte al funzionamento di questo Sito acquisiscono, nel normale esercizio, alcuni dati che vengono trasmessi implicitamente nell\u2019uso dei protocolli di comunicazione Internet.<\/span><\/p>\n<p><span style=\"font-weight: 400;\">Si tratta di informazioni che non sono raccolte per essere associate ad interessati identificati, ma che per loro natura potrebbero, anche mediante elaborazioni con dati detenuti da terzi, permettere di identificare gli utenti\/visitatori (ad es. indirizzo IP, nomi di domini dei computer utilizzati dagli utenti che si collegano al Sito, identificativo, marca e modello del dispositivo ed altri parametri relativi al sistema operativo del dispositivo, il codice indicante lo stato di risposta dati dal server, tipo di browser, l\u2019identificativo della singola sessione con indicazioni temporali di inizio e fine della sessione di navigazione, eventuale identificativo dell\u2019account e delle attivit\u00e0 svolte nel Sito, ecc.).<\/span><\/p>\n<p><span style=\"font-weight: 400;\">Questi dati vengono utilizzati solo per finalit\u00e0 di tipo statistico e per controllare il corretto funzionamento del Sito. I dati stessi vengono conservati al massimo per sei mesi,<\/span> <span style=\"font-weight: 400;\">fatta salva l\u2019ulteriore conservazione per eventuali accertamenti di reati informatici ai danni del Sito o per rispondere a specifici obblighi normativi. <\/span><\/p>\n<p><span style=\"font-weight: 400;\">Nessun dato derivante dal servizio web verr\u00e0 diffuso.<\/span><\/p>\n<ol start=\"2\">\n<li><b><i> Cookie\u00a0<\/i><\/b><\/li>\n<\/ol>\n<p><i><span style=\"font-weight: 400;\">2.1 <\/span><\/i> <i><span style=\"font-weight: 400;\">Informazioni generali sui cookie<\/span><\/i><\/p>\n<p><span style=\"font-weight: 400;\">I <\/span><i><span style=\"font-weight: 400;\">cookie<\/span><\/i><span style=\"font-weight: 400;\"> sono piccoli file di testo che i siti internet visitati dagli utenti inviano ai loro dispositivi (solitamente al <\/span><i><span style=\"font-weight: 400;\">browser <\/span><\/i><span style=\"font-weight: 400;\">o ad uno <\/span><i><span style=\"font-weight: 400;\">smartphone<\/span><\/i><span style=\"font-weight: 400;\">), dove vengono memorizzati per essere poi ritrasmessi agli stessi siti ad ogni successiva visita tramite il medesimo dispositivo. Inoltre, ogni sito pu\u00f2 consentire la trasmissione dei c.d. cookie di \u201cterze parti\u201d, cio\u00e8 quelli generati da siti internet diversi da quello che l\u2019utente sta visitando (attraverso oggetti in esso presenti quali banner, immagini, mappe, suoni, specifici link a pagine web di altri domini).<\/span><\/p>\n<p><span style=\"font-weight: 400;\">In funzione della loro durata, si distinguono in <\/span><i><span style=\"font-weight: 400;\">cookie<\/span><\/i><span style=\"font-weight: 400;\"> di sessione (cio\u00e8 quelli temporanei e cancellati automaticamente dal terminale al termine della sessione di navigazione, chiudendo il <\/span><i><span style=\"font-weight: 400;\">browser<\/span><\/i><span style=\"font-weight: 400;\">) ed in <\/span><i><span style=\"font-weight: 400;\">cookie<\/span><\/i><span style=\"font-weight: 400;\"> persistenti (cio\u00e8 quelli che restano memorizzati sul terminale fino alla loro scadenza o cancellazione da parte dell\u2019utente).\u00a0<\/span><\/p>\n<p><span style=\"font-weight: 400;\">I <\/span><i><span style=\"font-weight: 400;\">cookie<\/span><\/i><span style=\"font-weight: 400;\"> hanno diverse finalit\u00e0. Sono in primo luogo utilizzati per la trasmissione della comunicazione o per fornire il servizio richiesto dall\u2019utente; pi\u00f9 precisamente permettono di abilitare ed ottimizzare il funzionamento del sito internet, eseguire autenticazioni informatiche e prevenire abusi, monitorare le sessioni, migliorare l\u2019esperienza di navigazione degli utenti, ad esempio mantenendo attiva la connessione ad aree riservate durante la navigazione attraverso le pagine del sito senza la necessita di reinserire User-Id e password e memorizzando informazioni specifiche riguardanti gli utenti stessi (tra cui le preferenze, il tipo di browser e di computer usato). Possono anche utilizzarsi (in forma anonima, se di terze parti) per effettuare analisi aggregate sul funzionamento del sito, sul numero di utenti e su come visitano il sito.<\/span><\/p>\n<p><span style=\"font-weight: 400;\">I suddetti <\/span><i><span style=\"font-weight: 400;\">cookie<\/span><\/i><span style=\"font-weight: 400;\"> sono detti \u201c<\/span><span style=\"font-weight: 400;\">tecnici<\/span><span style=\"font-weight: 400;\">\u201d (per il loro utilizzo non \u00e8 necessario il consenso dell\u2019utente), in quanto senza di essi alcune delle citate operazioni non potrebbero essere compiute o sarebbero pi\u00f9 complesse e\/o meno sicure.\u00a0<\/span><\/p>\n<p><span style=\"font-weight: 400;\">Diversamente, se i cookie sono utilizzati per ulteriori finalit\u00e0, tipicamente per analisi del comportamento <\/span>ed invio di messaggi promo-pubblicitari personalizzati (c.d. cookie di \u201cprofilazione\u201d) o anche solo per ottenere, per il tramite di servizi resi anche da terze parti, informazioni in forma aggregata sul numero degli utenti e su come questi visitano il sito (c.d. \u201c<i>analytics cookie<\/i><i>\u201d<\/i>), \u00e8 necessario il consenso dell\u2019utente (a meno che gli <i>analytics cookie<\/i> di terze parti siano stati anonimizzati). Infatti, prima dell\u2019invio di questi cookie sul terminale, ai sensi della normativa vigente, al momento in cui si accede alla home page o altra pagina del sito, \u00e8 immediatamente mostrato in primo piano un banner con una prima informativa sintetica sull\u2019uso dei cookie e sulla richiesta del consenso, che l\u2019utente pu\u00f2 prestare cliccando sul pulsante \u201caccetta\u201d oppure rifiutare cliccando sulla \u201cX\u201d posta in altro a destra. In alternativa, l\u2019utente potr\u00e0 cliccare sul pannello di gestione delle preferenze (detto anche CMP \u2013 <i>Cookie-Consent Management Platform<\/i>) per impostare specificamente i consensi in base ai cookie desiderati.<\/p>\n<p><span style=\"font-weight: 400;\">In ogni caso, i <\/span><i><span style=\"font-weight: 400;\">cookie<\/span><\/i><span style=\"font-weight: 400;\"> possono essere letti o modificati solo dal sito internet che li ha generati; non possono essere utilizzati per richiamare nessun dato dal terminale dell\u2019utente e non possono trasmettere virus informatici. Alcune delle funzioni dei cookie possono essere svolte anche da altre tecnologie; pertanto, nel contesto della presente web privacy policy, con il termine \u201ccookie\u201d si vuol far riferimento ai <\/span><i><span style=\"font-weight: 400;\">cookie <\/span><\/i><span style=\"font-weight: 400;\">ed a tutte le tecnologie similari.<\/span><\/p>\n<p>&nbsp;<\/p>\n<p><i><span style=\"font-weight: 400;\">2.2 Utilizzo dei cookie di prima parte in questo Sito<\/span><\/i><\/p>\n<p><span style=\"font-weight: 400;\">Questo Sito pu\u00f2 utilizzare <\/span><i><span style=\"font-weight: 400;\">cookie<\/span><\/i><span style=\"font-weight: 400;\"> di sessione e <\/span><i><span style=\"font-weight: 400;\">cookie<\/span><\/i><span style=\"font-weight: 400;\"> persistenti.\u00a0<\/span><\/p>\n<p><span style=\"font-weight: 400;\">Le tipologie di <\/span><i><span style=\"font-weight: 400;\">cookie di prima parte <\/span><\/i><span style=\"font-weight: 400;\">generati e trasmessi da questo Sito sono: <\/span><\/p>\n<ul>\n<li>cookie \u201c<strong>tecnici<\/strong>\u201d, utilizzati per: <strong>a)<\/strong> la personalizzazione dell\u2019interfaccia utente (es. per registrare le preferenze espresse dall&#8217;utente quali la lingua, valuta, il formato di visualizzazione della pagina, l\u2019area di connessione); <strong>b)<\/strong> una migliore fruibilit\u00e0 del sito e dei suoi contenuti audio-visivi;<\/li>\n<\/ul>\n<p><span style=\"font-weight: 400;\">Prima dell\u2019invio di questi cookie sul terminale e, quindi prima di iniziare a trattare i dati per queste finalit\u00e0, Noovle S.p.A. Societ\u00e0 Benefit raccoglie il consenso dell\u2019utente\/visitatore attraverso le seguenti modalit\u00e0: click sul pulsante \u201caccetta\u201d all\u2019interno del banner recante la prima informativa sintetica oppure la gestione personalizzata dei consensi dei cookie tramite il pannello di gestione dedicata, raggiungibile all\u2019interno del banner. Nel caso in cui venga cliccato il pulsante \u201cX\u201d posto in alto a destra all\u2019interno del banner, l\u2019utente\/visitatore negher\u00e0 il consenso a tutti i cookie di profilazione. Il consenso viene tracciato tramite l\u2019invio sul browser di un apposito cookie tecnico, che garantisce l\u2019integrit\u00e0 delle scelte dell\u2019utente e la riconducibilit\u00e0 a questo Sito.<\/span><\/p>\n<p><span style=\"font-weight: 400;\">L\u2019utente\/visitatore pu\u00f2 opporsi a tali trattamenti, oltre che cliccando il pulsante \u201cX\u201d posto in alto a destra all\u2019interno del banner, accedendo al pannello di gestione delle preferenze tramite il link disponibile nel <\/span><i><span style=\"font-weight: 400;\">footer<\/span><\/i><span style=\"font-weight: 400;\"> di ogni pagina del dominio del Sito o mediante la cancellazione dei cookie sul proprio browser\/terminale, come indicato in dettaglio al successivo paragrafo 2.6.<\/span><\/p>\n<p><span style=\"font-weight: 400;\">Salvo revoca del consenso, l\u2019utente\/visitatore potr\u00e0 ricevere messaggi\/contenuti promozionali basati suoi interessi fino alla scadenza dei <\/span><i><span style=\"font-weight: 400;\">cookie <\/span><\/i><span style=\"font-weight: 400;\">di profilazione. I cookie di profilazione di Noovle S.p.A. Societ\u00e0 Benefit saranno conservati sul dispositivo per <\/span>15 mesi <span style=\"font-weight: 400;\">dall\u2019ultimo<\/span><span style=\"font-weight: 400;\"> evento di navigazione dell\u2019utente\/visitatore su questo Sito; successivamente verranno cancellati automaticamente dal dispositivo.<\/span><\/p>\n<p>&nbsp;<\/p>\n<p><em>2.3 \u00a0\u00a0 Cookie analytics forniti da terze parti<\/em><\/p>\n<p>Noovle S.p.A. Societ\u00e0 Benefit non si avvale di servizi di <em>web measurement<\/em> forniti da terze parti per raccogliere informazioni aggregate\/statistiche sul numero degli utenti e su questi come visitano il presente Sito.<\/p>\n<p>&nbsp;<\/p>\n<p><em>2.4 \u00a0\u00a0 Cookie di \u201cterze parti\u201d <\/em><\/p>\n<p>Questo Sito consente altres\u00ec la trasmissione al dispositivo dell\u2019utente di <em>cookie<\/em> di terze parti, con le quali Noovle S.p.A. Societ\u00e0 Benefit collabora. Noovle S.p.A. Societ\u00e0 Benefit, in qualit\u00e0 di intermediario tecnico, invia tali cookie, ma non ha il controllo ed accesso alle informazioni fornite\/acquisite.<\/p>\n<p>I cookie erogati da terze parti sono delle seguenti categorie:<\/p>\n<p><u>A) cookie di social media<\/u>, che gestiscono i <em>cookie<\/em> per consentire, tramite <em>plug-in<\/em>, la condivisione di contenuti tra i membri \u201cloggati\u201d di un medesimo social network <u>e per tracciarne la posizione e le attivit\u00e0<\/u>.<\/p>\n<p>&nbsp;<\/p>\n<p><em>2.5. \u00a0 Criteri di codifica dei cookie e tempi di conservazione<\/em><\/p>\n<p>I criteri di codifica semantica ed i tempi di conservazione previsti per ciascun cookie sono consultabili all\u2019interno del pannello di gestione dedicata per le impostazioni dei cookie e dei relativi consensi:<\/p>\n<ul>\n<li>_icl_current_language | tecnico | individuazione della lingua corrente | 24 ore<\/li>\n<\/ul>\n<p>&nbsp;<\/p>\n<p><em>2.6 \u00a0\u00a0 Gestione delle scelte sui cookie<\/em><\/p>\n<p>I <em>cookie<\/em> possono essere gestiti dall\u2019utente attraverso il proprio browser<\/p>\n<p><span style=\"font-weight: 400;\">\u00a0 \u00a0 \u00a0A) <\/span><span style=\"font-weight: 400;\">Impostazioni del browser<\/span><\/p>\n<p><span style=\"font-weight: 400;\">L\u2019utente\/visitatore pu\u00f2 gestire le proprie preferenze relative ai <\/span><i><span style=\"font-weight: 400;\">cookie<\/span><\/i><span style=\"font-weight: 400;\"> attraverso le funzionalit\u00e0 presenti nei comuni browser (Internet Explorer, Mozilla Firefox, Google Chrome, Apple Safari), che consentono di cancellare\/rimuovere i cookie (tutti o alcuni) o di cambiare le impostazioni del browser stesso in modo bloccare l\u2019invio dei cookie o di limitarlo a siti specifici (rispetto ad altri). E\u2019 possibile conoscere le modalit\u00e0 con cui configurare le impostazione dei browser (di norma accessibili dalla barra \u201cStrumenti\u201d) andando sulle pagine web di \u201cSupporto\u201d dei fornitori dei suddetti browser (individuabili anche tramite un comune motore di ricerca).\u00a0<\/span><\/p>\n<p><span style=\"font-weight: 400;\">La disabilitazione dei <\/span><i><span style=\"font-weight: 400;\">cookie<\/span><\/i><span style=\"font-weight: 400;\"> non preclude di per s\u00e9 l&#8217;utilizzo dei servizi del Sito internet; se per\u00f2 vengono cancellati\/bloccati tutti i <\/span><i><span style=\"font-weight: 400;\">cookie<\/span><\/i><span style=\"font-weight: 400;\">, inclusi quelli tecnici, alcune operazioni non potrebbero essere compiute o sarebbero pi\u00f9 complesse e\/o meno sicure, come ad esempio, per l\u2019esecuzione di attivit\u00e0 all\u2019interno di Aree Riservate del Sito (i <\/span><i><span style=\"font-weight: 400;\">cookie<\/span><\/i><span style=\"font-weight: 400;\"> consentono infatti di effettuare e mantenere l&#8217;identificazione dell\u2019utente nell&#8217;ambito della sessione).<\/span><\/p>\n<p>&nbsp;<\/p>\n<ol start=\"3\">\n<li><b><i> Dati forniti volontariamente dagli utenti\/visitatori<\/i><\/b><\/li>\n<\/ol>\n<p><span style=\"font-weight: 400;\">Qualora gli utenti\/visitatori, collegandosi a questo sito, inviino propri dati personali per accedere a determinati servizi, ovvero per effettuare richieste in posta elettronica o compilando web form, ci\u00f2 comporta l\u2019acquisizione da parte di Noovle S.p.A. Societ\u00e0 Benefit dell\u2019indirizzo del mittente e\/o di altri eventuali dati personali che verranno trattati esclusivamente per rispondere alla richiesta, ovvero per la fornitura del servizio.<\/span><\/p>\n<p><span style=\"font-weight: 400;\">I dati personali forniti dagli utenti\/visitatori verranno comunicati a terzi solo nel caso in cui la comunicazione sia necessaria per ottemperare alle richieste degli utenti\/visitatori medesimi.<\/span><\/p>\n<p><b>Modalit\u00e0 del trattamento\u00a0<\/b><\/p>\n<p><span style=\"font-weight: 400;\">Il trattamento viene effettuato attraverso strumenti informatici e telematici e\/o manualmente per il tempo strettamente necessario a conseguire gli scopi per i quali i dati sono stati raccolti e comunque, in conformit\u00e0 alle disposizioni normative vigenti in materia.<\/span><\/p>\n<p><b>Facoltativit\u00e0 del conferimento dei dati<\/b><\/p>\n<p><span style=\"font-weight: 400;\">A parte quanto specificato per i dati di navigazione, gli utenti\/visitatori sono liberi di fornire i propri dati personali. Il loro mancato conferimento pu\u00f2 comportare unicamente l\u2019impossibilit\u00e0 di ottenere quanto richiesto.<\/span><\/p>\n<p><b>Titolare, <\/b><b><i>Data Protection Officer<\/i><\/b><b> e categorie di persone autorizzate al trattamento dei dati Noovle S.p.A. Societ\u00e0 Benefit\u00a0\u00a0<\/b><\/p>\n<p><span style=\"font-weight: 400;\">Il Titolare del trattamento \u00e8 Noovle S.p.A. Societ\u00e0 Benefit, con sede legale in Via Gaetano Negri, 1 &#8211; 20123 Milano<\/span><b><i>)<\/i><\/b><span style=\"font-weight: 400;\">. Noovle S.p.A. Societ\u00e0 Benefit<\/span><i><span style=\"font-weight: 400;\"> ha nominato un Data Protection Officer (DPO)<\/span><\/i><span style=\"font-weight: 400;\">, contattabile presso TIM al seguente indirizzo: via Gaetano Negri, n. 1 &#8211; 20123 Milano; oppure inviando una e-mail a: <\/span><a href=\"mailto:dpo.noovle@telecomitalia.it\"><span style=\"font-weight: 400;\">dpo.noovle@telecomitalia.it<\/span><\/a><b><i>.<\/i><\/b><\/p>\n<p><span style=\"font-weight: 400;\">L\u2019elenco aggiornato dei dati di contatto del <\/span><i><span style=\"font-weight: 400;\">Data Protection Officer<\/span><\/i><span style=\"font-weight: 400;\"> \u00e8 consultabile sul sito <\/span><a href=\"http:\/\/www.noovle.com\"><span style=\"font-weight: 400;\">www.noovle.com<\/span><\/a><span style=\"font-weight: 400;\">.<\/span><\/p>\n<p><span style=\"font-weight: 400;\">I dati degli utenti\/visitatori di questo Sito saranno trattati dai dipendenti di Noovle S.p.A. Societ\u00e0 Benefit, i quali sono stati nominati persone autorizzate al trattamento dei dati personali ed hanno ricevuto, al riguardo, adeguate istruzioni operative.<\/span><\/p>\n<p><b>Diritti degli interessati<\/b><\/p>\n<p><span style=\"font-weight: 400;\">Gli utenti\/visitatori hanno il diritto di accedere in ogni momento ai dati che li riguardano e di esercitare gli altri diritti previsti <\/span><span style=\"font-weight: 400;\">dagli <\/span><span style=\"font-weight: 400;\">articoli da 15 al 22 del GDPR (es. chiedere l\u2019origine dei dati, la rettifica dei dati inesatti o incompleti, la limitazione del trattamento, la cancellazione o l\u2019oblio, la portabilit\u00e0 dei dati, nonch\u00e9 opporsi al loro utilizzo per motivi legittimi), inviando una e-mail al seguente indirizzo <\/span><a href=\"mailto:privacynoovle@noovle.com\"><span style=\"font-weight: 400;\">privacynoovle@noovle.com<\/span><\/a><span style=\"font-weight: 400;\">.<\/span><\/p>\n<p><span style=\"font-weight: 400;\">Infine, gli utenti\/visitatori hanno il diritto di proporre un reclamo al Garante per la protezione dei dati personali.<\/span><\/p>\n<p>&nbsp;<\/p>\n<p style=\"text-align: right;\"><span style=\"font-weight: 400;\">Noovle S.p.A. Societ\u00e0 Benefit<\/span><\/p>\n<p><i><span style=\"font-weight: 400;\">Edizione: 16 novembre 2022\u00a0<\/span><\/i><\/p>\n<p>&nbsp;<\/p>\n","protected":false},"excerpt":{"rendered":"<p>Web privacy policy &amp; Cookie &nbsp; La presente Privacy Policy ha lo scopo di descrivere le modalit\u00e0 di gestione di questo Sito, in riferimento all\u2019uso dei cookie ed agli altri strumenti di tracciamento (di seguito tutti indicati per semplicit\u00e0 come \u201ccookie\u201d) ed al trattamento dei dati personali degli utenti\/visitatori che lo consultano. Si tratta di [&hellip;]<\/p>\n","protected":false},"author":1,"featured_media":0,"parent":0,"menu_order":0,"comment_status":"closed","ping_status":"closed","template":"","meta":[],"_links":{"self":[{"href":"https:\/\/www.noovle.com\/it\/wp-json\/wp\/v2\/pages\/396\/"}],"collection":[{"href":"https:\/\/www.noovle.com\/it\/wp-json\/wp\/v2\/pages\/"}],"about":[{"href":"https:\/\/www.noovle.com\/it\/wp-json\/wp\/v2\/types\/page\/"}],"author":[{"embeddable":true,"href":"https:\/\/www.noovle.com\/it\/wp-json\/wp\/v2\/users\/1\/"}],"replies":[{"embeddable":true,"href":"https:\/\/www.noovle.com\/it\/wp-json\/wp\/v2\/comments\/?post=396"}],"version-history":[{"count":14,"href":"https:\/\/www.noovle.com\/it\/wp-json\/wp\/v2\/pages\/396\/revisions\/"}],"predecessor-version":[{"id":2880,"href":"https:\/\/www.noovle.com\/it\/wp-json\/wp\/v2\/pages\/396\/revisions\/2880\/"}],"wp:attachment":[{"href":"https:\/\/www.noovle.com\/it\/wp-json\/wp\/v2\/media\/?parent=396"}],"curies":[{"name":"wp","href":"https:\/\/api.w.org\/{rel}","templated":true}]}}